{"id":59,"date":"2026-05-03T20:35:34","date_gmt":"2026-05-03T20:35:34","guid":{"rendered":"http:\/\/aiutupalaltru.fr\/?page_id=59"},"modified":"2026-05-03T20:38:42","modified_gmt":"2026-05-03T20:38:42","slug":"mentions-legales","status":"publish","type":"page","link":"https:\/\/aiutupalaltru.fr\/index.php\/mentions-legales\/","title":{"rendered":"Mentions l\u00e9gales"},"content":{"rendered":"\t\t<div data-elementor-type=\"wp-page\" data-elementor-id=\"59\" class=\"elementor elementor-59\">\n\t\t\t\t<div class=\"elementor-element elementor-element-bce36d8 e-flex e-con-boxed e-con e-parent\" data-id=\"bce36d8\" data-element_type=\"container\" data-e-type=\"container\">\n\t\t\t\t\t<div class=\"e-con-inner\">\n\t\t\t\t<div class=\"elementor-element elementor-element-4aa8afa elementor-widget elementor-widget-heading\" data-id=\"4aa8afa\" data-element_type=\"widget\" data-e-type=\"widget\" data-widget_type=\"heading.default\">\n\t\t\t\t\t<h2 class=\"elementor-heading-title elementor-size-default\">L'\u00e9diteur<\/h2>\t\t\t\t<\/div>\n\t\t\t\t<div class=\"elementor-element elementor-element-04ac616 elementor-widget elementor-widget-text-editor\" data-id=\"04ac616\" data-element_type=\"widget\" data-e-type=\"widget\" data-widget_type=\"text-editor.default\">\n\t\t\t\t\t\t\t\t\t<p>Ce site est \u00e9dit\u00e9 par :<br \/>LPO Jean-Paul de Rocca Serra<br \/>Rue Vincentellu d\u2019Istria \u2013 20137 Porto-Vecchio.<br \/>T\u00e9l : 04 95 70 33 11<\/p>\t\t\t\t\t\t\t\t<\/div>\n\t\t\t\t\t<\/div>\n\t\t\t\t<\/div>\n\t\t<div class=\"elementor-element elementor-element-0dde7fd e-flex e-con-boxed e-con e-parent\" data-id=\"0dde7fd\" data-element_type=\"container\" data-e-type=\"container\">\n\t\t\t\t\t<div class=\"e-con-inner\">\n\t\t\t\t<div class=\"elementor-element elementor-element-533d02e elementor-widget elementor-widget-heading\" data-id=\"533d02e\" data-element_type=\"widget\" data-e-type=\"widget\" data-widget_type=\"heading.default\">\n\t\t\t\t\t<h2 class=\"elementor-heading-title elementor-size-default\">Le concepteur<\/h2>\t\t\t\t<\/div>\n\t\t\t\t<div class=\"elementor-element elementor-element-c09858f elementor-widget elementor-widget-text-editor\" data-id=\"c09858f\" data-element_type=\"widget\" data-e-type=\"widget\" data-widget_type=\"text-editor.default\">\n\t\t\t\t\t\t\t\t\t<p>Conception et r\u00e9alisation<\/p><p>Ce site a \u00e9t\u00e9 con\u00e7u et d\u00e9velopp\u00e9 par :<br \/>Thomas Cavallaro-Mariani\u00a0<br \/>Adresse : Village de Zonza<br \/>Code postal : 20124 Zonza<\/p>\t\t\t\t\t\t\t\t<\/div>\n\t\t\t\t\t<\/div>\n\t\t\t\t<\/div>\n\t\t<div class=\"elementor-element elementor-element-c3ba1f4 e-flex e-con-boxed e-con e-parent\" data-id=\"c3ba1f4\" data-element_type=\"container\" data-e-type=\"container\">\n\t\t\t\t\t<div class=\"e-con-inner\">\n\t\t\t\t<div class=\"elementor-element elementor-element-700c744 elementor-widget elementor-widget-heading\" data-id=\"700c744\" data-element_type=\"widget\" data-e-type=\"widget\" data-widget_type=\"heading.default\">\n\t\t\t\t\t<h2 class=\"elementor-heading-title elementor-size-default\">H\u00e9bergement<\/h2>\t\t\t\t<\/div>\n\t\t\t\t<div class=\"elementor-element elementor-element-c38c1c1 elementor-widget elementor-widget-text-editor\" data-id=\"c38c1c1\" data-element_type=\"widget\" data-e-type=\"widget\" data-widget_type=\"text-editor.default\">\n\t\t\t\t\t\t\t\t\t<p>L\u2019h\u00e9bergement de ce site est assur\u00e9 par :<br \/><strong>Gandi.net<\/strong><br \/>SIRET : 847 727 914 00024<br \/>Adresse : 63-65 boulevard Mass\u00e9na, 75013 Paris<br \/>Statut : SAS au capital de 168\u202f295,83 \u20ac<\/p>\t\t\t\t\t\t\t\t<\/div>\n\t\t\t\t\t<\/div>\n\t\t\t\t<\/div>\n\t\t<div class=\"elementor-element elementor-element-8dc2929 e-flex e-con-boxed e-con e-parent\" data-id=\"8dc2929\" data-element_type=\"container\" data-e-type=\"container\">\n\t\t\t\t\t<div class=\"e-con-inner\">\n\t\t\t\t<div class=\"elementor-element elementor-element-8f20481 elementor-widget elementor-widget-heading\" data-id=\"8f20481\" data-element_type=\"widget\" data-e-type=\"widget\" data-widget_type=\"heading.default\">\n\t\t\t\t\t<h2 class=\"elementor-heading-title elementor-size-default\">Propri\u00e9t\u00e9 intellectuelle<\/h2>\t\t\t\t<\/div>\n\t\t\t\t<div class=\"elementor-element elementor-element-25a75e3 elementor-widget elementor-widget-text-editor\" data-id=\"25a75e3\" data-element_type=\"widget\" data-e-type=\"widget\" data-widget_type=\"text-editor.default\">\n\t\t\t\t\t\t\t\t\t<p>L\u2019ensemble des contenus pr\u00e9sents sur le site (textes, images, vid\u00e9os, graphismes, logos, documents t\u00e9l\u00e9chargeables, etc.) sont prot\u00e9g\u00e9s par les dispositions du Code de la propri\u00e9t\u00e9 intellectuelle et appartiennent \u00e0 leurs auteurs ou ayants droit respectifs.<\/p><p>Toute reproduction, repr\u00e9sentation, modification, publication, transmission, d\u00e9naturation, totale ou partielle du site ou de son contenu, par quelque proc\u00e9d\u00e9 que ce soit, et sur quelque support que ce soit est interdite sans autorisation pr\u00e9alable.<\/p>\t\t\t\t\t\t\t\t<\/div>\n\t\t\t\t\t<\/div>\n\t\t\t\t<\/div>\n\t\t<div class=\"elementor-element elementor-element-2a6f1e0 e-flex e-con-boxed e-con e-parent\" data-id=\"2a6f1e0\" data-element_type=\"container\" data-e-type=\"container\">\n\t\t\t\t\t<div class=\"e-con-inner\">\n\t\t\t\t<div class=\"elementor-element elementor-element-fa2d9b2 elementor-widget elementor-widget-heading\" data-id=\"fa2d9b2\" data-element_type=\"widget\" data-e-type=\"widget\" data-widget_type=\"heading.default\">\n\t\t\t\t\t<h2 class=\"elementor-heading-title elementor-size-default\">Responsabilit\u00e9<\/h2>\t\t\t\t<\/div>\n\t\t\t\t<div class=\"elementor-element elementor-element-89c6fa7 elementor-widget elementor-widget-text-editor\" data-id=\"89c6fa7\" data-element_type=\"widget\" data-e-type=\"widget\" data-widget_type=\"text-editor.default\">\n\t\t\t\t\t\t\t\t\t<p>Le site aiutupalaltru.fr propose des contenus \u00e0 vocation p\u00e9dagogique. Malgr\u00e9 tout le soin apport\u00e9 \u00e0 leur r\u00e9daction, des erreurs ou omissions peuvent subsister. LPO Jean-Paul de Rocca Serra et le concepteur ne sauraient \u00eatre tenus responsables des \u00e9ventuelles inexactitudes ou erreurs ponctuelles pr\u00e9sentes sur le site.<\/p>\t\t\t\t\t\t\t\t<\/div>\n\t\t\t\t\t<\/div>\n\t\t\t\t<\/div>\n\t\t<div class=\"elementor-element elementor-element-c3916e3 e-flex e-con-boxed e-con e-parent\" data-id=\"c3916e3\" data-element_type=\"container\" data-e-type=\"container\">\n\t\t\t\t\t<div class=\"e-con-inner\">\n\t\t\t\t<div class=\"elementor-element elementor-element-2718ad2 elementor-widget elementor-widget-heading\" data-id=\"2718ad2\" data-element_type=\"widget\" data-e-type=\"widget\" data-widget_type=\"heading.default\">\n\t\t\t\t\t<h2 class=\"elementor-heading-title elementor-size-default\">Donn\u00e9es personnelles\n<\/h2>\t\t\t\t<\/div>\n\t\t\t\t<div class=\"elementor-element elementor-element-b184786 elementor-widget elementor-widget-text-editor\" data-id=\"b184786\" data-element_type=\"widget\" data-e-type=\"widget\" data-widget_type=\"text-editor.default\">\n\t\t\t\t\t\t\t\t\t<p>Aucune donn\u00e9e personnelle n\u2019est collect\u00e9e \u00e0 l\u2019insu des utilisateurs.<br \/>Aucune donn\u00e9e personnelle n\u2019est c\u00e9d\u00e9e \u00e0 des tiers.<\/p><p>Ce site ne collecte aucune information via formulaire ou cookie \u00e0 des fins commerciales. En cas d\u2019\u00e9volution, les visiteurs seront inform\u00e9s conform\u00e9ment \u00e0 la l\u00e9gislation RGPD.<\/p>\t\t\t\t\t\t\t\t<\/div>\n\t\t\t\t\t<\/div>\n\t\t\t\t<\/div>\n\t\t<div class=\"elementor-element elementor-element-e304303 e-flex e-con-boxed e-con e-parent\" data-id=\"e304303\" data-element_type=\"container\" data-e-type=\"container\">\n\t\t\t\t\t<div class=\"e-con-inner\">\n\t\t\t\t<div class=\"elementor-element elementor-element-2546a81 elementor-widget elementor-widget-heading\" data-id=\"2546a81\" data-element_type=\"widget\" data-e-type=\"widget\" data-widget_type=\"heading.default\">\n\t\t\t\t\t<h2 class=\"elementor-heading-title elementor-size-default\">Cookies<\/h2>\t\t\t\t<\/div>\n\t\t\t\t<div class=\"elementor-element elementor-element-eb3c4f5 elementor-widget elementor-widget-text-editor\" data-id=\"eb3c4f5\" data-element_type=\"widget\" data-e-type=\"widget\" data-widget_type=\"text-editor.default\">\n\t\t\t\t\t\t\t\t\t<p>Ce site utilise des cookies uniquement \u00e0 des fins de fonctionnement technique (visite virtuelle, affichage dynamique). Aucune donn\u00e9e de navigation n\u2019est exploit\u00e9e \u00e0 des fins publicitaires.<\/p>\t\t\t\t\t\t\t\t<\/div>\n\t\t\t\t\t<\/div>\n\t\t\t\t<\/div>\n\t\t\t\t<\/div>\n\t\t","protected":false},"excerpt":{"rendered":"<p>L&rsquo;\u00e9diteur Ce site est \u00e9dit\u00e9 par :LPO Jean-Paul de Rocca SerraRue Vincentellu d\u2019Istria \u2013 20137 Porto-Vecchio.T\u00e9l : 04 95 70 33 11 Le concepteur Conception et r\u00e9alisation Ce site a \u00e9t\u00e9 con\u00e7u et d\u00e9velopp\u00e9 par :Thomas Cavallaro-Mariani\u00a0Adresse : Village de ZonzaCode postal : 20124 Zonza H\u00e9bergement L\u2019h\u00e9bergement de ce site est assur\u00e9 par :Gandi.netSIRET : &hellip; <\/p>\n<p class=\"link-more\"><a href=\"https:\/\/aiutupalaltru.fr\/index.php\/mentions-legales\/\" class=\"more-link\">Continuer la lecture<span class=\"screen-reader-text\"> de &laquo;&nbsp;Mentions l\u00e9gales&nbsp;&raquo;<\/span><\/a><\/p>\n","protected":false},"author":1,"featured_media":0,"parent":0,"menu_order":0,"comment_status":"closed","ping_status":"closed","template":"","meta":{"footnotes":""},"class_list":["post-59","page","type-page","status-publish","hentry"],"yoast_head":"<!-- This site is optimized with the Yoast SEO plugin v27.5 - https:\/\/yoast.com\/product\/yoast-seo-wordpress\/ -->\n<title>Mentions l\u00e9gales - Aiutu P\u00e0 l&#039;Altru<\/title>\n<meta name=\"robots\" content=\"index, follow, max-snippet:-1, max-image-preview:large, max-video-preview:-1\" \/>\n<link rel=\"canonical\" href=\"http:\/\/aiutupalaltru.fr\/index.php\/mentions-legales\/\" \/>\n<meta property=\"og:locale\" content=\"fr_FR\" \/>\n<meta property=\"og:type\" content=\"article\" \/>\n<meta property=\"og:title\" content=\"Mentions l\u00e9gales - Aiutu P\u00e0 l&#039;Altru\" \/>\n<meta property=\"og:description\" content=\"L&rsquo;\u00e9diteur Ce site est \u00e9dit\u00e9 par :LPO Jean-Paul de Rocca SerraRue Vincentellu d\u2019Istria \u2013 20137 Porto-Vecchio.T\u00e9l : 04 95 70 33 11 Le concepteur Conception et r\u00e9alisation Ce site a \u00e9t\u00e9 con\u00e7u et d\u00e9velopp\u00e9 par :Thomas Cavallaro-Mariani\u00a0Adresse : Village de ZonzaCode postal : 20124 Zonza H\u00e9bergement L\u2019h\u00e9bergement de ce site est assur\u00e9 par :Gandi.netSIRET : &hellip; Continuer la lecture de &laquo;&nbsp;Mentions l\u00e9gales&nbsp;&raquo;\" \/>\n<meta property=\"og:url\" content=\"http:\/\/aiutupalaltru.fr\/index.php\/mentions-legales\/\" \/>\n<meta property=\"og:site_name\" content=\"Aiutu P\u00e0 l&#039;Altru\" \/>\n<meta property=\"article:modified_time\" content=\"2026-05-03T20:38:42+00:00\" \/>\n<meta name=\"twitter:card\" content=\"summary_large_image\" \/>\n<meta name=\"twitter:label1\" content=\"Dur\u00e9e de lecture estim\u00e9e\" \/>\n\t<meta name=\"twitter:data1\" content=\"1 minute\" \/>\n<script type=\"application\/ld+json\" class=\"yoast-schema-graph\">{\"@context\":\"https:\\\/\\\/schema.org\",\"@graph\":[{\"@type\":\"WebPage\",\"@id\":\"http:\\\/\\\/aiutupalaltru.fr\\\/index.php\\\/mentions-legales\\\/\",\"url\":\"http:\\\/\\\/aiutupalaltru.fr\\\/index.php\\\/mentions-legales\\\/\",\"name\":\"Mentions l\u00e9gales - Aiutu P\u00e0 l&#039;Altru\",\"isPartOf\":{\"@id\":\"http:\\\/\\\/aiutupalaltru.fr\\\/#website\"},\"datePublished\":\"2026-05-03T20:35:34+00:00\",\"dateModified\":\"2026-05-03T20:38:42+00:00\",\"breadcrumb\":{\"@id\":\"http:\\\/\\\/aiutupalaltru.fr\\\/index.php\\\/mentions-legales\\\/#breadcrumb\"},\"inLanguage\":\"fr-FR\",\"potentialAction\":[{\"@type\":\"ReadAction\",\"target\":[\"http:\\\/\\\/aiutupalaltru.fr\\\/index.php\\\/mentions-legales\\\/\"]}]},{\"@type\":\"BreadcrumbList\",\"@id\":\"http:\\\/\\\/aiutupalaltru.fr\\\/index.php\\\/mentions-legales\\\/#breadcrumb\",\"itemListElement\":[{\"@type\":\"ListItem\",\"position\":1,\"name\":\"Accueil\",\"item\":\"http:\\\/\\\/aiutupalaltru.fr\\\/\"},{\"@type\":\"ListItem\",\"position\":2,\"name\":\"Mentions l\u00e9gales\"}]},{\"@type\":\"WebSite\",\"@id\":\"http:\\\/\\\/aiutupalaltru.fr\\\/#website\",\"url\":\"http:\\\/\\\/aiutupalaltru.fr\\\/\",\"name\":\"Aiutu P\u00e0 l'Altru\",\"description\":\"Un projet scolaire du LPO JP de Rocca Serra\",\"publisher\":{\"@id\":\"http:\\\/\\\/aiutupalaltru.fr\\\/#organization\"},\"potentialAction\":[{\"@type\":\"SearchAction\",\"target\":{\"@type\":\"EntryPoint\",\"urlTemplate\":\"http:\\\/\\\/aiutupalaltru.fr\\\/?s={search_term_string}\"},\"query-input\":{\"@type\":\"PropertyValueSpecification\",\"valueRequired\":true,\"valueName\":\"search_term_string\"}}],\"inLanguage\":\"fr-FR\"},{\"@type\":\"Organization\",\"@id\":\"http:\\\/\\\/aiutupalaltru.fr\\\/#organization\",\"name\":\"Aiutu P\u00e0 l'Altru\",\"url\":\"http:\\\/\\\/aiutupalaltru.fr\\\/\",\"logo\":{\"@type\":\"ImageObject\",\"inLanguage\":\"fr-FR\",\"@id\":\"http:\\\/\\\/aiutupalaltru.fr\\\/#\\\/schema\\\/logo\\\/image\\\/\",\"url\":\"https:\\\/\\\/aiutupalaltru.fr\\\/wp-content\\\/uploads\\\/2026\\\/05\\\/cropped-logo-ferrandi-1.png\",\"contentUrl\":\"https:\\\/\\\/aiutupalaltru.fr\\\/wp-content\\\/uploads\\\/2026\\\/05\\\/cropped-logo-ferrandi-1.png\",\"width\":318,\"height\":250,\"caption\":\"Aiutu P\u00e0 l'Altru\"},\"image\":{\"@id\":\"http:\\\/\\\/aiutupalaltru.fr\\\/#\\\/schema\\\/logo\\\/image\\\/\"}}]}<\/script>\n<!-- \/ Yoast SEO plugin. -->","yoast_head_json":{"title":"Mentions l\u00e9gales - Aiutu P\u00e0 l&#039;Altru","robots":{"index":"index","follow":"follow","max-snippet":"max-snippet:-1","max-image-preview":"max-image-preview:large","max-video-preview":"max-video-preview:-1"},"canonical":"http:\/\/aiutupalaltru.fr\/index.php\/mentions-legales\/","og_locale":"fr_FR","og_type":"article","og_title":"Mentions l\u00e9gales - Aiutu P\u00e0 l&#039;Altru","og_description":"L&rsquo;\u00e9diteur Ce site est \u00e9dit\u00e9 par :LPO Jean-Paul de Rocca SerraRue Vincentellu d\u2019Istria \u2013 20137 Porto-Vecchio.T\u00e9l : 04 95 70 33 11 Le concepteur Conception et r\u00e9alisation Ce site a \u00e9t\u00e9 con\u00e7u et d\u00e9velopp\u00e9 par :Thomas Cavallaro-Mariani\u00a0Adresse : Village de ZonzaCode postal : 20124 Zonza H\u00e9bergement L\u2019h\u00e9bergement de ce site est assur\u00e9 par :Gandi.netSIRET : &hellip; Continuer la lecture de &laquo;&nbsp;Mentions l\u00e9gales&nbsp;&raquo;","og_url":"http:\/\/aiutupalaltru.fr\/index.php\/mentions-legales\/","og_site_name":"Aiutu P\u00e0 l&#039;Altru","article_modified_time":"2026-05-03T20:38:42+00:00","twitter_card":"summary_large_image","twitter_misc":{"Dur\u00e9e de lecture estim\u00e9e":"1 minute"},"schema":{"@context":"https:\/\/schema.org","@graph":[{"@type":"WebPage","@id":"http:\/\/aiutupalaltru.fr\/index.php\/mentions-legales\/","url":"http:\/\/aiutupalaltru.fr\/index.php\/mentions-legales\/","name":"Mentions l\u00e9gales - Aiutu P\u00e0 l&#039;Altru","isPartOf":{"@id":"http:\/\/aiutupalaltru.fr\/#website"},"datePublished":"2026-05-03T20:35:34+00:00","dateModified":"2026-05-03T20:38:42+00:00","breadcrumb":{"@id":"http:\/\/aiutupalaltru.fr\/index.php\/mentions-legales\/#breadcrumb"},"inLanguage":"fr-FR","potentialAction":[{"@type":"ReadAction","target":["http:\/\/aiutupalaltru.fr\/index.php\/mentions-legales\/"]}]},{"@type":"BreadcrumbList","@id":"http:\/\/aiutupalaltru.fr\/index.php\/mentions-legales\/#breadcrumb","itemListElement":[{"@type":"ListItem","position":1,"name":"Accueil","item":"http:\/\/aiutupalaltru.fr\/"},{"@type":"ListItem","position":2,"name":"Mentions l\u00e9gales"}]},{"@type":"WebSite","@id":"http:\/\/aiutupalaltru.fr\/#website","url":"http:\/\/aiutupalaltru.fr\/","name":"Aiutu P\u00e0 l'Altru","description":"Un projet scolaire du LPO JP de Rocca Serra","publisher":{"@id":"http:\/\/aiutupalaltru.fr\/#organization"},"potentialAction":[{"@type":"SearchAction","target":{"@type":"EntryPoint","urlTemplate":"http:\/\/aiutupalaltru.fr\/?s={search_term_string}"},"query-input":{"@type":"PropertyValueSpecification","valueRequired":true,"valueName":"search_term_string"}}],"inLanguage":"fr-FR"},{"@type":"Organization","@id":"http:\/\/aiutupalaltru.fr\/#organization","name":"Aiutu P\u00e0 l'Altru","url":"http:\/\/aiutupalaltru.fr\/","logo":{"@type":"ImageObject","inLanguage":"fr-FR","@id":"http:\/\/aiutupalaltru.fr\/#\/schema\/logo\/image\/","url":"https:\/\/aiutupalaltru.fr\/wp-content\/uploads\/2026\/05\/cropped-logo-ferrandi-1.png","contentUrl":"https:\/\/aiutupalaltru.fr\/wp-content\/uploads\/2026\/05\/cropped-logo-ferrandi-1.png","width":318,"height":250,"caption":"Aiutu P\u00e0 l'Altru"},"image":{"@id":"http:\/\/aiutupalaltru.fr\/#\/schema\/logo\/image\/"}}]}},"jetpack_sharing_enabled":true,"_links":{"self":[{"href":"https:\/\/aiutupalaltru.fr\/index.php\/wp-json\/wp\/v2\/pages\/59","targetHints":{"allow":["GET"]}}],"collection":[{"href":"https:\/\/aiutupalaltru.fr\/index.php\/wp-json\/wp\/v2\/pages"}],"about":[{"href":"https:\/\/aiutupalaltru.fr\/index.php\/wp-json\/wp\/v2\/types\/page"}],"author":[{"embeddable":true,"href":"https:\/\/aiutupalaltru.fr\/index.php\/wp-json\/wp\/v2\/users\/1"}],"replies":[{"embeddable":true,"href":"https:\/\/aiutupalaltru.fr\/index.php\/wp-json\/wp\/v2\/comments?post=59"}],"version-history":[{"count":4,"href":"https:\/\/aiutupalaltru.fr\/index.php\/wp-json\/wp\/v2\/pages\/59\/revisions"}],"predecessor-version":[{"id":63,"href":"https:\/\/aiutupalaltru.fr\/index.php\/wp-json\/wp\/v2\/pages\/59\/revisions\/63"}],"wp:attachment":[{"href":"https:\/\/aiutupalaltru.fr\/index.php\/wp-json\/wp\/v2\/media?parent=59"}],"curies":[{"name":"wp","href":"https:\/\/api.w.org\/{rel}","templated":true}]}}