{"id":16,"date":"2026-05-03T20:02:26","date_gmt":"2026-05-03T20:02:26","guid":{"rendered":"http:\/\/aiutupalaltru.fr\/?page_id=16"},"modified":"2026-05-03T20:16:41","modified_gmt":"2026-05-03T20:16:41","slug":"accueil","status":"publish","type":"page","link":"https:\/\/aiutupalaltru.fr\/","title":{"rendered":"Accueil"},"content":{"rendered":"\t\t<div data-elementor-type=\"wp-page\" data-elementor-id=\"16\" class=\"elementor elementor-16\">\n\t\t\t\t<div class=\"elementor-element elementor-element-6db004d1 e-flex e-con-boxed e-con e-parent\" data-id=\"6db004d1\" data-element_type=\"container\" data-e-type=\"container\">\n\t\t\t\t\t<div class=\"e-con-inner\">\n\t\t\t\t<div class=\"elementor-element elementor-element-2e5493b elementor-widget elementor-widget-heading\" data-id=\"2e5493b\" data-element_type=\"widget\" data-e-type=\"widget\" data-widget_type=\"heading.default\">\n\t\t\t\t\t<h2 class=\"elementor-heading-title elementor-size-default\">Aiutu P\u00e0 l'Altru<\/h2>\t\t\t\t<\/div>\n\t\t\t\t<div class=\"elementor-element elementor-element-046cc03 elementor-widget elementor-widget-image\" data-id=\"046cc03\" data-element_type=\"widget\" data-e-type=\"widget\" data-widget_type=\"image.default\">\n\t\t\t\t\t\t\t\t\t\t\t\t\t\t\t<img fetchpriority=\"high\" decoding=\"async\" width=\"504\" height=\"395\" src=\"http:\/\/aiutupalaltru.fr\/wp-content\/uploads\/2026\/05\/logo-ferrandi.png\" class=\"attachment-large size-large wp-image-11\" alt=\"\" srcset=\"http:\/\/aiutupalaltru.fr\/wp-content\/uploads\/2026\/05\/logo-ferrandi.png 504w, http:\/\/aiutupalaltru.fr\/wp-content\/uploads\/2026\/05\/logo-ferrandi-300x235.png 300w\" sizes=\"100vw\" \/>\t\t\t\t\t\t\t\t\t\t\t\t\t\t\t<\/div>\n\t\t\t\t<div class=\"elementor-element elementor-element-8fe5bed elementor-widget elementor-widget-spacer\" data-id=\"8fe5bed\" data-element_type=\"widget\" data-e-type=\"widget\" data-widget_type=\"spacer.default\">\n\t\t\t\t\t\t\t<div class=\"elementor-spacer\">\n\t\t\t<div class=\"elementor-spacer-inner\"><\/div>\n\t\t<\/div>\n\t\t\t\t\t\t<\/div>\n\t\t\t\t<div class=\"elementor-element elementor-element-31034d9 elementor-widget elementor-widget-heading\" data-id=\"31034d9\" data-element_type=\"widget\" data-e-type=\"widget\" data-widget_type=\"heading.default\">\n\t\t\t\t\t<h2 class=\"elementor-heading-title elementor-size-default\">Vous avez besoin d\u2019accompagnement pour vos enfants ou une personne \u00e2g\u00e9e ? Vous \u00eates tomb\u00e9 sur le bon site !<\/h2>\t\t\t\t<\/div>\n\t\t\t\t<div class=\"elementor-element elementor-element-f232e34 elementor-widget elementor-widget-text-editor\" data-id=\"f232e34\" data-element_type=\"widget\" data-e-type=\"widget\" data-widget_type=\"text-editor.default\">\n\t\t\t\t\t\t\t\t\t<p>Mini-entreprise cr\u00e9\u00e9e par les 1 ASSP du lyc\u00e9e Jean Paul de Rocca Serra<\/p>\t\t\t\t\t\t\t\t<\/div>\n\t\t\t\t<div class=\"elementor-element elementor-element-5ab6f86 elementor-align-center elementor-widget elementor-widget-button\" data-id=\"5ab6f86\" data-element_type=\"widget\" data-e-type=\"widget\" data-widget_type=\"button.default\">\n\t\t\t\t\t\t\t\t\t\t<a class=\"elementor-button elementor-button-link elementor-size-sm\" href=\"#\">\n\t\t\t\t\t\t<span class=\"elementor-button-content-wrapper\">\n\t\t\t\t\t\t\t\t\t<span class=\"elementor-button-text\">D\u00e9couvrir nos offres<\/span>\n\t\t\t\t\t<\/span>\n\t\t\t\t\t<\/a>\n\t\t\t\t\t\t\t\t<\/div>\n\t\t\t\t\t<\/div>\n\t\t\t\t<\/div>\n\t\t\t\t<\/div>\n\t\t","protected":false},"excerpt":{"rendered":"<p>Aiutu P\u00e0 l&rsquo;Altru Vous avez besoin d\u2019accompagnement pour vos enfants ou une personne \u00e2g\u00e9e ? Vous \u00eates tomb\u00e9 sur le bon site ! Mini-entreprise cr\u00e9\u00e9e par les 1 ASSP du lyc\u00e9e Jean Paul de Rocca Serra D\u00e9couvrir nos offres<\/p>\n","protected":false},"author":1,"featured_media":0,"parent":0,"menu_order":0,"comment_status":"closed","ping_status":"closed","template":"","meta":{"footnotes":""},"class_list":["post-16","page","type-page","status-publish","hentry"],"yoast_head":"<!-- This site is optimized with the Yoast SEO plugin v27.5 - https:\/\/yoast.com\/product\/yoast-seo-wordpress\/ -->\n<title>Accueil - Aiutu P\u00e0 l&#039;Altru<\/title>\n<meta name=\"robots\" content=\"index, follow, max-snippet:-1, max-image-preview:large, max-video-preview:-1\" \/>\n<link rel=\"canonical\" href=\"http:\/\/aiutupalaltru.fr\/\" \/>\n<meta property=\"og:locale\" content=\"fr_FR\" \/>\n<meta property=\"og:type\" content=\"article\" \/>\n<meta property=\"og:title\" content=\"Accueil - Aiutu P\u00e0 l&#039;Altru\" \/>\n<meta property=\"og:description\" content=\"Aiutu P\u00e0 l&rsquo;Altru Vous avez besoin d\u2019accompagnement pour vos enfants ou une personne \u00e2g\u00e9e ? Vous \u00eates tomb\u00e9 sur le bon site ! Mini-entreprise cr\u00e9\u00e9e par les 1 ASSP du lyc\u00e9e Jean Paul de Rocca Serra D\u00e9couvrir nos offres\" \/>\n<meta property=\"og:url\" content=\"http:\/\/aiutupalaltru.fr\/\" \/>\n<meta property=\"og:site_name\" content=\"Aiutu P\u00e0 l&#039;Altru\" \/>\n<meta property=\"article:modified_time\" content=\"2026-05-03T20:16:41+00:00\" \/>\n<meta property=\"og:image\" content=\"https:\/\/aiutupalaltru.fr\/wp-content\/uploads\/2026\/05\/logo-ferrandi.png\" \/>\n\t<meta property=\"og:image:width\" content=\"504\" \/>\n\t<meta property=\"og:image:height\" content=\"395\" \/>\n\t<meta property=\"og:image:type\" content=\"image\/png\" \/>\n<meta name=\"twitter:card\" content=\"summary_large_image\" \/>\n<script type=\"application\/ld+json\" class=\"yoast-schema-graph\">{\"@context\":\"https:\\\/\\\/schema.org\",\"@graph\":[{\"@type\":\"WebPage\",\"@id\":\"http:\\\/\\\/aiutupalaltru.fr\\\/\",\"url\":\"http:\\\/\\\/aiutupalaltru.fr\\\/\",\"name\":\"Accueil - Aiutu P\u00e0 l&#039;Altru\",\"isPartOf\":{\"@id\":\"http:\\\/\\\/aiutupalaltru.fr\\\/#website\"},\"primaryImageOfPage\":{\"@id\":\"http:\\\/\\\/aiutupalaltru.fr\\\/#primaryimage\"},\"image\":{\"@id\":\"http:\\\/\\\/aiutupalaltru.fr\\\/#primaryimage\"},\"thumbnailUrl\":\"http:\\\/\\\/aiutupalaltru.fr\\\/wp-content\\\/uploads\\\/2026\\\/05\\\/logo-ferrandi.png\",\"datePublished\":\"2026-05-03T20:02:26+00:00\",\"dateModified\":\"2026-05-03T20:16:41+00:00\",\"breadcrumb\":{\"@id\":\"http:\\\/\\\/aiutupalaltru.fr\\\/#breadcrumb\"},\"inLanguage\":\"fr-FR\",\"potentialAction\":[{\"@type\":\"ReadAction\",\"target\":[\"http:\\\/\\\/aiutupalaltru.fr\\\/\"]}]},{\"@type\":\"ImageObject\",\"inLanguage\":\"fr-FR\",\"@id\":\"http:\\\/\\\/aiutupalaltru.fr\\\/#primaryimage\",\"url\":\"https:\\\/\\\/aiutupalaltru.fr\\\/wp-content\\\/uploads\\\/2026\\\/05\\\/logo-ferrandi.png\",\"contentUrl\":\"https:\\\/\\\/aiutupalaltru.fr\\\/wp-content\\\/uploads\\\/2026\\\/05\\\/logo-ferrandi.png\",\"width\":504,\"height\":395},{\"@type\":\"BreadcrumbList\",\"@id\":\"http:\\\/\\\/aiutupalaltru.fr\\\/#breadcrumb\",\"itemListElement\":[{\"@type\":\"ListItem\",\"position\":1,\"name\":\"Accueil\",\"item\":\"http:\\\/\\\/aiutupalaltru.fr\\\/\"},{\"@type\":\"ListItem\",\"position\":2,\"name\":\"Accueil\"}]},{\"@type\":\"WebSite\",\"@id\":\"http:\\\/\\\/aiutupalaltru.fr\\\/#website\",\"url\":\"http:\\\/\\\/aiutupalaltru.fr\\\/\",\"name\":\"Aiutu P\u00e0 l'Altru\",\"description\":\"Un projet scolaire du LPO JP de Rocca Serra\",\"publisher\":{\"@id\":\"http:\\\/\\\/aiutupalaltru.fr\\\/#organization\"},\"potentialAction\":[{\"@type\":\"SearchAction\",\"target\":{\"@type\":\"EntryPoint\",\"urlTemplate\":\"http:\\\/\\\/aiutupalaltru.fr\\\/?s={search_term_string}\"},\"query-input\":{\"@type\":\"PropertyValueSpecification\",\"valueRequired\":true,\"valueName\":\"search_term_string\"}}],\"inLanguage\":\"fr-FR\"},{\"@type\":\"Organization\",\"@id\":\"http:\\\/\\\/aiutupalaltru.fr\\\/#organization\",\"name\":\"Aiutu P\u00e0 l'Altru\",\"url\":\"http:\\\/\\\/aiutupalaltru.fr\\\/\",\"logo\":{\"@type\":\"ImageObject\",\"inLanguage\":\"fr-FR\",\"@id\":\"http:\\\/\\\/aiutupalaltru.fr\\\/#\\\/schema\\\/logo\\\/image\\\/\",\"url\":\"https:\\\/\\\/aiutupalaltru.fr\\\/wp-content\\\/uploads\\\/2026\\\/05\\\/cropped-logo-ferrandi-1.png\",\"contentUrl\":\"https:\\\/\\\/aiutupalaltru.fr\\\/wp-content\\\/uploads\\\/2026\\\/05\\\/cropped-logo-ferrandi-1.png\",\"width\":318,\"height\":250,\"caption\":\"Aiutu P\u00e0 l'Altru\"},\"image\":{\"@id\":\"http:\\\/\\\/aiutupalaltru.fr\\\/#\\\/schema\\\/logo\\\/image\\\/\"}}]}<\/script>\n<!-- \/ Yoast SEO plugin. -->","yoast_head_json":{"title":"Accueil - Aiutu P\u00e0 l&#039;Altru","robots":{"index":"index","follow":"follow","max-snippet":"max-snippet:-1","max-image-preview":"max-image-preview:large","max-video-preview":"max-video-preview:-1"},"canonical":"http:\/\/aiutupalaltru.fr\/","og_locale":"fr_FR","og_type":"article","og_title":"Accueil - Aiutu P\u00e0 l&#039;Altru","og_description":"Aiutu P\u00e0 l&rsquo;Altru Vous avez besoin d\u2019accompagnement pour vos enfants ou une personne \u00e2g\u00e9e ? Vous \u00eates tomb\u00e9 sur le bon site ! Mini-entreprise cr\u00e9\u00e9e par les 1 ASSP du lyc\u00e9e Jean Paul de Rocca Serra D\u00e9couvrir nos offres","og_url":"http:\/\/aiutupalaltru.fr\/","og_site_name":"Aiutu P\u00e0 l&#039;Altru","article_modified_time":"2026-05-03T20:16:41+00:00","og_image":[{"width":504,"height":395,"url":"https:\/\/aiutupalaltru.fr\/wp-content\/uploads\/2026\/05\/logo-ferrandi.png","type":"image\/png"}],"twitter_card":"summary_large_image","schema":{"@context":"https:\/\/schema.org","@graph":[{"@type":"WebPage","@id":"http:\/\/aiutupalaltru.fr\/","url":"http:\/\/aiutupalaltru.fr\/","name":"Accueil - Aiutu P\u00e0 l&#039;Altru","isPartOf":{"@id":"http:\/\/aiutupalaltru.fr\/#website"},"primaryImageOfPage":{"@id":"http:\/\/aiutupalaltru.fr\/#primaryimage"},"image":{"@id":"http:\/\/aiutupalaltru.fr\/#primaryimage"},"thumbnailUrl":"http:\/\/aiutupalaltru.fr\/wp-content\/uploads\/2026\/05\/logo-ferrandi.png","datePublished":"2026-05-03T20:02:26+00:00","dateModified":"2026-05-03T20:16:41+00:00","breadcrumb":{"@id":"http:\/\/aiutupalaltru.fr\/#breadcrumb"},"inLanguage":"fr-FR","potentialAction":[{"@type":"ReadAction","target":["http:\/\/aiutupalaltru.fr\/"]}]},{"@type":"ImageObject","inLanguage":"fr-FR","@id":"http:\/\/aiutupalaltru.fr\/#primaryimage","url":"https:\/\/aiutupalaltru.fr\/wp-content\/uploads\/2026\/05\/logo-ferrandi.png","contentUrl":"https:\/\/aiutupalaltru.fr\/wp-content\/uploads\/2026\/05\/logo-ferrandi.png","width":504,"height":395},{"@type":"BreadcrumbList","@id":"http:\/\/aiutupalaltru.fr\/#breadcrumb","itemListElement":[{"@type":"ListItem","position":1,"name":"Accueil","item":"http:\/\/aiutupalaltru.fr\/"},{"@type":"ListItem","position":2,"name":"Accueil"}]},{"@type":"WebSite","@id":"http:\/\/aiutupalaltru.fr\/#website","url":"http:\/\/aiutupalaltru.fr\/","name":"Aiutu P\u00e0 l'Altru","description":"Un projet scolaire du LPO JP de Rocca Serra","publisher":{"@id":"http:\/\/aiutupalaltru.fr\/#organization"},"potentialAction":[{"@type":"SearchAction","target":{"@type":"EntryPoint","urlTemplate":"http:\/\/aiutupalaltru.fr\/?s={search_term_string}"},"query-input":{"@type":"PropertyValueSpecification","valueRequired":true,"valueName":"search_term_string"}}],"inLanguage":"fr-FR"},{"@type":"Organization","@id":"http:\/\/aiutupalaltru.fr\/#organization","name":"Aiutu P\u00e0 l'Altru","url":"http:\/\/aiutupalaltru.fr\/","logo":{"@type":"ImageObject","inLanguage":"fr-FR","@id":"http:\/\/aiutupalaltru.fr\/#\/schema\/logo\/image\/","url":"https:\/\/aiutupalaltru.fr\/wp-content\/uploads\/2026\/05\/cropped-logo-ferrandi-1.png","contentUrl":"https:\/\/aiutupalaltru.fr\/wp-content\/uploads\/2026\/05\/cropped-logo-ferrandi-1.png","width":318,"height":250,"caption":"Aiutu P\u00e0 l'Altru"},"image":{"@id":"http:\/\/aiutupalaltru.fr\/#\/schema\/logo\/image\/"}}]}},"jetpack_sharing_enabled":true,"_links":{"self":[{"href":"https:\/\/aiutupalaltru.fr\/index.php\/wp-json\/wp\/v2\/pages\/16","targetHints":{"allow":["GET"]}}],"collection":[{"href":"https:\/\/aiutupalaltru.fr\/index.php\/wp-json\/wp\/v2\/pages"}],"about":[{"href":"https:\/\/aiutupalaltru.fr\/index.php\/wp-json\/wp\/v2\/types\/page"}],"author":[{"embeddable":true,"href":"https:\/\/aiutupalaltru.fr\/index.php\/wp-json\/wp\/v2\/users\/1"}],"replies":[{"embeddable":true,"href":"https:\/\/aiutupalaltru.fr\/index.php\/wp-json\/wp\/v2\/comments?post=16"}],"version-history":[{"count":7,"href":"https:\/\/aiutupalaltru.fr\/index.php\/wp-json\/wp\/v2\/pages\/16\/revisions"}],"predecessor-version":[{"id":50,"href":"https:\/\/aiutupalaltru.fr\/index.php\/wp-json\/wp\/v2\/pages\/16\/revisions\/50"}],"wp:attachment":[{"href":"https:\/\/aiutupalaltru.fr\/index.php\/wp-json\/wp\/v2\/media?parent=16"}],"curies":[{"name":"wp","href":"https:\/\/api.w.org\/{rel}","templated":true}]}}